{"id":8904,"date":"2023-05-10T07:16:36","date_gmt":"2023-05-10T07:16:36","guid":{"rendered":"https:\/\/activecontrol.io\/portfolio\/"},"modified":"2026-01-09T14:48:42","modified_gmt":"2026-01-09T14:48:42","slug":"portfolio","status":"publish","type":"page","link":"https:\/\/activecontrol.io\/fr\/portfolio\/","title":{"rendered":"PORTFOLIO"},"content":{"rendered":"\t\t<div data-elementor-type=\"wp-page\" data-elementor-id=\"8904\" class=\"elementor elementor-8904 elementor-457\">\n\t\t\t\t<div class=\"elementor-element elementor-element-9aca35c wdt-no-full-section e-flex e-con-boxed e-con e-parent\" data-id=\"9aca35c\" data-element_type=\"container\" data-settings=\"{&quot;background_background&quot;:&quot;classic&quot;}\">\n\t\t\t\t\t<div class=\"e-con-inner\">\n\t\t<div class=\"elementor-element elementor-element-e18502f e-con-full e-flex e-con e-child\" data-id=\"e18502f\" data-element_type=\"container\">\n\t\t\t\t<div class=\"elementor-element elementor-element-cb56ef6 elementor-widget__width-initial elementor-widget-tablet_extra__width-initial elementor-widget elementor-widget-wdt-heading\" data-id=\"cb56ef6\" data-element_type=\"widget\" data-settings=\"{&quot;wdt_animation_effect&quot;:&quot;none&quot;}\" data-widget_type=\"wdt-heading.default\">\n\t\t\t\t<div class=\"elementor-widget-container\">\n\t\t\t\t\t<div class=\"wdt-heading-holder \" id=\"wdt-heading-cb56ef6\"><h2 class=\"wdt-heading-title-wrapper wdt-heading-align- wdt-heading-deco-wrapper\"><span class=\"wdt-heading-title\">VOTRE PARCOURS <span class=\"wdt-heading-colored-elements\">\u00c0 <\/span><span class=\"wdt-heading-colored-elements\">TRAVERS <\/span>NOTRE PORTEFEUILLE<\/span><\/h2><div class=\"wdt-heading-content-wrapper\">Chaque projet est une \u00e9tape, d\u00e9couvrez ce que nous avons accompli ensemble.<\/div><\/div>\t\t\t\t<\/div>\n\t\t\t\t<\/div>\n\t\t\t\t<\/div>\n\t\t\t\t\t<\/div>\n\t\t\t\t<\/div>\n\t\t<div class=\"elementor-element elementor-element-095ca7d wdt-no-full-section elementor-hidden-desktop elementor-hidden-laptop elementor-hidden-tablet_extra elementor-hidden-tablet elementor-hidden-mobile_extra elementor-hidden-mobile e-flex e-con-boxed e-con e-parent\" data-id=\"095ca7d\" data-element_type=\"container\" data-settings=\"{&quot;background_background&quot;:&quot;classic&quot;}\">\n\t\t\t\t\t<div class=\"e-con-inner\">\n\t\t<div class=\"elementor-element elementor-element-8729545 e-con-full e-flex e-con e-child\" data-id=\"8729545\" data-element_type=\"container\">\n\t\t\t\t<div class=\"elementor-element elementor-element-891bd60 elementor-widget-mobile_extra__width-inherit elementor-widget elementor-widget-counter\" data-id=\"891bd60\" data-element_type=\"widget\" data-settings=\"{&quot;wdt_animation_effect&quot;:&quot;none&quot;}\" data-widget_type=\"counter.default\">\n\t\t\t\t<div class=\"elementor-widget-container\">\n\t\t\t\t\t\t\t<div class=\"elementor-counter\">\n\t\t\t<div class=\"elementor-counter-title\">Villes<\/div>\t\t\t<div class=\"elementor-counter-number-wrapper\">\n\t\t\t\t<span class=\"elementor-counter-number-prefix\"><\/span>\n\t\t\t\t<span class=\"elementor-counter-number\" data-duration=\"2000\" data-to-value=\"15\" data-from-value=\"0\" data-delimiter=\",\">0<\/span>\n\t\t\t\t<span class=\"elementor-counter-number-suffix\"><\/span>\n\t\t\t<\/div>\n\t\t<\/div>\n\t\t\t\t\t\t<\/div>\n\t\t\t\t<\/div>\n\t\t\t\t<\/div>\n\t\t<div class=\"elementor-element elementor-element-bd04b16 e-con-full e-flex e-con e-child\" data-id=\"bd04b16\" data-element_type=\"container\">\n\t\t\t\t<div class=\"elementor-element elementor-element-c63aefe elementor-widget-mobile_extra__width-inherit elementor-widget elementor-widget-counter\" data-id=\"c63aefe\" data-element_type=\"widget\" data-settings=\"{&quot;wdt_animation_effect&quot;:&quot;none&quot;}\" data-widget_type=\"counter.default\">\n\t\t\t\t<div class=\"elementor-widget-container\">\n\t\t\t\t\t\t\t<div class=\"elementor-counter\">\n\t\t\t<div class=\"elementor-counter-title\">Contrats de maintenance<\/div>\t\t\t<div class=\"elementor-counter-number-wrapper\">\n\t\t\t\t<span class=\"elementor-counter-number-prefix\"><\/span>\n\t\t\t\t<span class=\"elementor-counter-number\" data-duration=\"2000\" data-to-value=\"60\" data-from-value=\"0\" data-delimiter=\",\">0<\/span>\n\t\t\t\t<span class=\"elementor-counter-number-suffix\"><\/span>\n\t\t\t<\/div>\n\t\t<\/div>\n\t\t\t\t\t\t<\/div>\n\t\t\t\t<\/div>\n\t\t\t\t<\/div>\n\t\t<div class=\"elementor-element elementor-element-d6cd935 e-con-full e-flex e-con e-child\" data-id=\"d6cd935\" data-element_type=\"container\">\n\t\t\t\t<div class=\"elementor-element elementor-element-049d182 elementor-widget-mobile_extra__width-inherit elementor-widget elementor-widget-counter\" data-id=\"049d182\" data-element_type=\"widget\" data-settings=\"{&quot;wdt_animation_effect&quot;:&quot;none&quot;}\" data-widget_type=\"counter.default\">\n\t\t\t\t<div class=\"elementor-widget-container\">\n\t\t\t\t\t\t\t<div class=\"elementor-counter\">\n\t\t\t<div class=\"elementor-counter-title\">Projets de planification<\/div>\t\t\t<div class=\"elementor-counter-number-wrapper\">\n\t\t\t\t<span class=\"elementor-counter-number-prefix\"><\/span>\n\t\t\t\t<span class=\"elementor-counter-number\" data-duration=\"2000\" data-to-value=\"5\" data-from-value=\"0\" data-delimiter=\",\">0<\/span>\n\t\t\t\t<span class=\"elementor-counter-number-suffix\"><\/span>\n\t\t\t<\/div>\n\t\t<\/div>\n\t\t\t\t\t\t<\/div>\n\t\t\t\t<\/div>\n\t\t\t\t<\/div>\n\t\t<div class=\"elementor-element elementor-element-66420b6 e-con-full e-flex e-con e-child\" data-id=\"66420b6\" data-element_type=\"container\">\n\t\t\t\t<div class=\"elementor-element elementor-element-e4afab0 elementor-widget-mobile_extra__width-inherit elementor-widget elementor-widget-counter\" data-id=\"e4afab0\" data-element_type=\"widget\" data-settings=\"{&quot;wdt_animation_effect&quot;:&quot;none&quot;}\" data-widget_type=\"counter.default\">\n\t\t\t\t<div class=\"elementor-widget-container\">\n\t\t\t\t\t\t\t<div class=\"elementor-counter\">\n\t\t\t<div class=\"elementor-counter-title\">ACTIVECONTROL Systeme<\/div>\t\t\t<div class=\"elementor-counter-number-wrapper\">\n\t\t\t\t<span class=\"elementor-counter-number-prefix\"><\/span>\n\t\t\t\t<span class=\"elementor-counter-number\" data-duration=\"2000\" data-to-value=\"80\" data-from-value=\"0\" data-delimiter=\",\">0<\/span>\n\t\t\t\t<span class=\"elementor-counter-number-suffix\">+<\/span>\n\t\t\t<\/div>\n\t\t<\/div>\n\t\t\t\t\t\t<\/div>\n\t\t\t\t<\/div>\n\t\t\t\t<\/div>\n\t\t\t\t\t<\/div>\n\t\t\t\t<\/div>\n\t\t<div class=\"elementor-element elementor-element-4d45010 e-con-full e-flex e-con e-parent\" data-id=\"4d45010\" data-element_type=\"container\">\n\t\t\t\t<div class=\"elementor-element elementor-element-76c75d4 elementor-widget elementor-widget-shortcode\" data-id=\"76c75d4\" data-element_type=\"widget\" data-settings=\"{&quot;wdt_animation_effect&quot;:&quot;none&quot;}\" data-widget_type=\"shortcode.default\">\n\t\t\t\t<div class=\"elementor-widget-container\">\n\t\t\t\t\t\t\t<div class=\"elementor-shortcode\">  <div id=\"cesiumContainer_67e93437-09e4-4f24-850e-da7f62eba11c\"\n       class=\"cesium-globe\"\n       style=\"width:100%;height:70vh;\"\n       data-lat=\"38.736\"\n       data-lon=\"-9.142\"\n       data-alt=\"1500000\"><\/div>\n  <\/div>\n\t\t\t\t\t\t<\/div>\n\t\t\t\t<\/div>\n\t\t\t\t<\/div>\n\t\t\t\t<\/div>\n\t\t","protected":false},"excerpt":{"rendered":"<p>VOTRE PARCOURS \u00c0 TRAVERS NOTRE PORTEFEUILLE Chaque projet est une \u00e9tape, d\u00e9couvrez ce que nous avons accompli ensemble. Villes 0 Contrats de maintenance 0 Projets de planification 0 ACTIVECONTROL Systeme 0 +<\/p>\n","protected":false},"author":1,"featured_media":0,"parent":0,"menu_order":0,"comment_status":"closed","ping_status":"closed","template":"elementor_header_footer","meta":{"footnotes":""},"class_list":["post-8904","page","type-page","status-publish","hentry"],"aioseo_notices":[],"_links":{"self":[{"href":"https:\/\/activecontrol.io\/fr\/wp-json\/wp\/v2\/pages\/8904","targetHints":{"allow":["GET"]}}],"collection":[{"href":"https:\/\/activecontrol.io\/fr\/wp-json\/wp\/v2\/pages"}],"about":[{"href":"https:\/\/activecontrol.io\/fr\/wp-json\/wp\/v2\/types\/page"}],"author":[{"embeddable":true,"href":"https:\/\/activecontrol.io\/fr\/wp-json\/wp\/v2\/users\/1"}],"replies":[{"embeddable":true,"href":"https:\/\/activecontrol.io\/fr\/wp-json\/wp\/v2\/comments?post=8904"}],"version-history":[{"count":6,"href":"https:\/\/activecontrol.io\/fr\/wp-json\/wp\/v2\/pages\/8904\/revisions"}],"predecessor-version":[{"id":15191,"href":"https:\/\/activecontrol.io\/fr\/wp-json\/wp\/v2\/pages\/8904\/revisions\/15191"}],"wp:attachment":[{"href":"https:\/\/activecontrol.io\/fr\/wp-json\/wp\/v2\/media?parent=8904"}],"curies":[{"name":"wp","href":"https:\/\/api.w.org\/{rel}","templated":true}]}}