{"id":8974,"date":"2023-05-10T07:16:36","date_gmt":"2023-05-10T07:16:36","guid":{"rendered":"https:\/\/activecontrol.io\/portfolio\/"},"modified":"2026-01-09T14:48:10","modified_gmt":"2026-01-09T14:48:10","slug":"portfolio","status":"publish","type":"page","link":"https:\/\/activecontrol.io\/pt-pt\/portfolio\/","title":{"rendered":"PORTF\u00d3LIO"},"content":{"rendered":"\t\t<div data-elementor-type=\"wp-page\" data-elementor-id=\"8974\" class=\"elementor elementor-8974 elementor-457\">\n\t\t\t\t<div class=\"elementor-element elementor-element-702f265 wdt-no-full-section e-flex e-con-boxed e-con e-parent\" data-id=\"702f265\" data-element_type=\"container\" data-settings=\"{&quot;background_background&quot;:&quot;classic&quot;}\">\n\t\t\t\t\t<div class=\"e-con-inner\">\n\t\t<div class=\"elementor-element elementor-element-5219f95 e-con-full e-flex e-con e-child\" data-id=\"5219f95\" data-element_type=\"container\">\n\t\t\t\t<div class=\"elementor-element elementor-element-03c0ba4 elementor-widget__width-initial elementor-widget-tablet_extra__width-initial elementor-widget elementor-widget-wdt-heading\" data-id=\"03c0ba4\" data-element_type=\"widget\" data-settings=\"{&quot;wdt_animation_effect&quot;:&quot;none&quot;}\" data-widget_type=\"wdt-heading.default\">\n\t\t\t\t<div class=\"elementor-widget-container\">\n\t\t\t\t\t<div class=\"wdt-heading-holder \" id=\"wdt-heading-03c0ba4\"><h2 class=\"wdt-heading-title-wrapper wdt-heading-align- wdt-heading-deco-wrapper\"><span class=\"wdt-heading-title\">A SUA <span class=\"wdt-heading-colored-elements\">VIAGEM <\/span><span class=\"wdt-heading-colored-elements\">PELO <\/span>NOSSO PORTF\u00d3LIO<\/span><\/h2><div class=\"wdt-heading-content-wrapper\">Cada projeto \u00e9 um passo, veja o que alcan\u00e7\u00e1mos juntos.<\/div><\/div>\t\t\t\t<\/div>\n\t\t\t\t<\/div>\n\t\t\t\t<\/div>\n\t\t\t\t\t<\/div>\n\t\t\t\t<\/div>\n\t\t<div class=\"elementor-element elementor-element-7c33430 e-con-full e-flex e-con e-parent\" data-id=\"7c33430\" data-element_type=\"container\">\n\t\t\t\t<div class=\"elementor-element elementor-element-78dfda6 elementor-widget elementor-widget-shortcode\" data-id=\"78dfda6\" data-element_type=\"widget\" data-settings=\"{&quot;wdt_animation_effect&quot;:&quot;none&quot;}\" data-widget_type=\"shortcode.default\">\n\t\t\t\t<div class=\"elementor-widget-container\">\n\t\t\t\t\t\t\t<div class=\"elementor-shortcode\">  <div id=\"cesiumContainer_f5e27ea0-dd0d-4d64-88ab-21d993b28d2c\"\n       class=\"cesium-globe\"\n       style=\"width:100%;height:70vh;\"\n       data-lat=\"38.736\"\n       data-lon=\"-9.142\"\n       data-alt=\"1500000\"><\/div>\n  <\/div>\n\t\t\t\t\t\t<\/div>\n\t\t\t\t<\/div>\n\t\t\t\t<\/div>\n\t\t<div class=\"elementor-element elementor-element-f7e7265 wdt-no-full-section elementor-hidden-desktop elementor-hidden-laptop elementor-hidden-tablet_extra elementor-hidden-tablet elementor-hidden-mobile_extra elementor-hidden-mobile e-flex e-con-boxed e-con e-parent\" data-id=\"f7e7265\" data-element_type=\"container\" data-settings=\"{&quot;background_background&quot;:&quot;classic&quot;}\">\n\t\t\t\t\t<div class=\"e-con-inner\">\n\t\t<div class=\"elementor-element elementor-element-556c1ed e-con-full e-flex e-con e-child\" data-id=\"556c1ed\" data-element_type=\"container\">\n\t\t\t\t<div class=\"elementor-element elementor-element-ddc498f elementor-widget-mobile_extra__width-inherit elementor-widget elementor-widget-counter\" data-id=\"ddc498f\" data-element_type=\"widget\" data-settings=\"{&quot;wdt_animation_effect&quot;:&quot;none&quot;}\" data-widget_type=\"counter.default\">\n\t\t\t\t<div class=\"elementor-widget-container\">\n\t\t\t\t\t\t\t<div class=\"elementor-counter\">\n\t\t\t<div class=\"elementor-counter-title\">Cidades<\/div>\t\t\t<div class=\"elementor-counter-number-wrapper\">\n\t\t\t\t<span class=\"elementor-counter-number-prefix\"><\/span>\n\t\t\t\t<span class=\"elementor-counter-number\" data-duration=\"2000\" data-to-value=\"15\" data-from-value=\"0\" data-delimiter=\",\">0<\/span>\n\t\t\t\t<span class=\"elementor-counter-number-suffix\"><\/span>\n\t\t\t<\/div>\n\t\t<\/div>\n\t\t\t\t\t\t<\/div>\n\t\t\t\t<\/div>\n\t\t\t\t<\/div>\n\t\t<div class=\"elementor-element elementor-element-ea4ffac e-con-full e-flex e-con e-child\" data-id=\"ea4ffac\" data-element_type=\"container\">\n\t\t\t\t<div class=\"elementor-element elementor-element-23b4fe2 elementor-widget-mobile_extra__width-inherit elementor-widget elementor-widget-counter\" data-id=\"23b4fe2\" data-element_type=\"widget\" data-settings=\"{&quot;wdt_animation_effect&quot;:&quot;none&quot;}\" data-widget_type=\"counter.default\">\n\t\t\t\t<div class=\"elementor-widget-container\">\n\t\t\t\t\t\t\t<div class=\"elementor-counter\">\n\t\t\t<div class=\"elementor-counter-title\">Contratos de manuten\u00e7\u00e3o<\/div>\t\t\t<div class=\"elementor-counter-number-wrapper\">\n\t\t\t\t<span class=\"elementor-counter-number-prefix\"><\/span>\n\t\t\t\t<span class=\"elementor-counter-number\" data-duration=\"2000\" data-to-value=\"60\" data-from-value=\"0\" data-delimiter=\",\">0<\/span>\n\t\t\t\t<span class=\"elementor-counter-number-suffix\"><\/span>\n\t\t\t<\/div>\n\t\t<\/div>\n\t\t\t\t\t\t<\/div>\n\t\t\t\t<\/div>\n\t\t\t\t<\/div>\n\t\t<div class=\"elementor-element elementor-element-8d27c68 e-con-full e-flex e-con e-child\" data-id=\"8d27c68\" data-element_type=\"container\">\n\t\t\t\t<div class=\"elementor-element elementor-element-fa3444a elementor-widget-mobile_extra__width-inherit elementor-widget elementor-widget-counter\" data-id=\"fa3444a\" data-element_type=\"widget\" data-settings=\"{&quot;wdt_animation_effect&quot;:&quot;none&quot;}\" data-widget_type=\"counter.default\">\n\t\t\t\t<div class=\"elementor-widget-container\">\n\t\t\t\t\t\t\t<div class=\"elementor-counter\">\n\t\t\t<div class=\"elementor-counter-title\">Projetos de planeamento<\/div>\t\t\t<div class=\"elementor-counter-number-wrapper\">\n\t\t\t\t<span class=\"elementor-counter-number-prefix\"><\/span>\n\t\t\t\t<span class=\"elementor-counter-number\" data-duration=\"2000\" data-to-value=\"5\" data-from-value=\"0\" data-delimiter=\",\">0<\/span>\n\t\t\t\t<span class=\"elementor-counter-number-suffix\"><\/span>\n\t\t\t<\/div>\n\t\t<\/div>\n\t\t\t\t\t\t<\/div>\n\t\t\t\t<\/div>\n\t\t\t\t<\/div>\n\t\t<div class=\"elementor-element elementor-element-fb1d991 e-con-full e-flex e-con e-child\" data-id=\"fb1d991\" data-element_type=\"container\">\n\t\t\t\t<div class=\"elementor-element elementor-element-848c230 elementor-widget-mobile_extra__width-inherit elementor-widget elementor-widget-counter\" data-id=\"848c230\" data-element_type=\"widget\" data-settings=\"{&quot;wdt_animation_effect&quot;:&quot;none&quot;}\" data-widget_type=\"counter.default\">\n\t\t\t\t<div class=\"elementor-widget-container\">\n\t\t\t\t\t\t\t<div class=\"elementor-counter\">\n\t\t\t<div class=\"elementor-counter-title\">ACTIVECONTROL Systeme<\/div>\t\t\t<div class=\"elementor-counter-number-wrapper\">\n\t\t\t\t<span class=\"elementor-counter-number-prefix\"><\/span>\n\t\t\t\t<span class=\"elementor-counter-number\" data-duration=\"2000\" data-to-value=\"80\" data-from-value=\"0\" data-delimiter=\",\">0<\/span>\n\t\t\t\t<span class=\"elementor-counter-number-suffix\">+<\/span>\n\t\t\t<\/div>\n\t\t<\/div>\n\t\t\t\t\t\t<\/div>\n\t\t\t\t<\/div>\n\t\t\t\t<\/div>\n\t\t\t\t\t<\/div>\n\t\t\t\t<\/div>\n\t\t\t\t<\/div>\n\t\t","protected":false},"excerpt":{"rendered":"<p>A SUA VIAGEM PELO NOSSO PORTF\u00d3LIO Cada projeto \u00e9 um passo, veja o que alcan\u00e7\u00e1mos juntos. Cidades 0 Contratos de manuten\u00e7\u00e3o 0 Projetos de planeamento 0 ACTIVECONTROL Systeme 0 +<\/p>\n","protected":false},"author":1,"featured_media":0,"parent":0,"menu_order":0,"comment_status":"closed","ping_status":"closed","template":"elementor_header_footer","meta":{"footnotes":""},"class_list":["post-8974","page","type-page","status-publish","hentry"],"aioseo_notices":[],"_links":{"self":[{"href":"https:\/\/activecontrol.io\/pt-pt\/wp-json\/wp\/v2\/pages\/8974","targetHints":{"allow":["GET"]}}],"collection":[{"href":"https:\/\/activecontrol.io\/pt-pt\/wp-json\/wp\/v2\/pages"}],"about":[{"href":"https:\/\/activecontrol.io\/pt-pt\/wp-json\/wp\/v2\/types\/page"}],"author":[{"embeddable":true,"href":"https:\/\/activecontrol.io\/pt-pt\/wp-json\/wp\/v2\/users\/1"}],"replies":[{"embeddable":true,"href":"https:\/\/activecontrol.io\/pt-pt\/wp-json\/wp\/v2\/comments?post=8974"}],"version-history":[{"count":3,"href":"https:\/\/activecontrol.io\/pt-pt\/wp-json\/wp\/v2\/pages\/8974\/revisions"}],"predecessor-version":[{"id":15185,"href":"https:\/\/activecontrol.io\/pt-pt\/wp-json\/wp\/v2\/pages\/8974\/revisions\/15185"}],"wp:attachment":[{"href":"https:\/\/activecontrol.io\/pt-pt\/wp-json\/wp\/v2\/media?parent=8974"}],"curies":[{"name":"wp","href":"https:\/\/api.w.org\/{rel}","templated":true}]}}